{"id":21499,"date":"2022-11-29T11:18:24","date_gmt":"2022-11-29T14:18:24","guid":{"rendered":"https:\/\/lets.events\/l\/?page_id=21499"},"modified":"2026-01-12T18:46:41","modified_gmt":"2026-01-12T21:46:41","slug":"app-de-check-in","status":"publish","type":"page","link":"https:\/\/lets.events\/l\/app-de-check-in\/","title":{"rendered":"App de Check-in"},"content":{"rendered":"\t\t<div data-elementor-type=\"wp-page\" data-elementor-id=\"21499\" class=\"elementor elementor-21499\" data-elementor-post-type=\"page\">\n\t\t\t\t\t\t<section class=\"elementor-section elementor-top-section elementor-element elementor-element-7e98752d elementor-section-height-min-height elementor-section-content-middle elementor-section-boxed elementor-section-height-default elementor-section-items-middle\" data-id=\"7e98752d\" data-element_type=\"section\" data-settings=\"{&quot;background_background&quot;:&quot;classic&quot;}\">\n\t\t\t\t\t\t<div class=\"elementor-container elementor-column-gap-default\">\n\t\t\t\t\t<div class=\"elementor-column elementor-col-50 elementor-top-column elementor-element elementor-element-33542f4f\" data-id=\"33542f4f\" data-element_type=\"column\">\n\t\t\t<div class=\"elementor-widget-wrap elementor-element-populated\">\n\t\t\t\t\t\t<div class=\"elementor-element elementor-element-5cb62176 elementor-widget elementor-widget-heading\" data-id=\"5cb62176\" data-element_type=\"widget\" data-widget_type=\"heading.default\">\n\t\t\t\t<div class=\"elementor-widget-container\">\n\t\t\t<h1 class=\"elementor-heading-title elementor-size-default\">Fa\u00e7a o check-in dos participantes do seu evento de forma \u00e1gil<\/h1>\t\t<\/div>\n\t\t\t\t<\/div>\n\t\t\t\t<div class=\"elementor-element elementor-element-43a75305 elementor-widget elementor-widget-heading\" data-id=\"43a75305\" data-element_type=\"widget\" data-widget_type=\"heading.default\">\n\t\t\t\t<div class=\"elementor-widget-container\">\n\t\t\t<h2 class=\"elementor-heading-title elementor-size-default\">Voc\u00ea pode usar v\u00e1rios dispositivos m\u00f3veis ou desktop ao mesmo tempo com sincroniza\u00e7\u00e3o autom\u00e1tica<\/h2>\t\t<\/div>\n\t\t\t\t<\/div>\n\t\t\t\t<section class=\"elementor-section elementor-inner-section elementor-element elementor-element-7ec32ab2 elementor-section-boxed elementor-section-height-default elementor-section-height-default\" data-id=\"7ec32ab2\" data-element_type=\"section\">\n\t\t\t\t\t\t<div class=\"elementor-container elementor-column-gap-default\">\n\t\t\t\t\t<div class=\"elementor-column elementor-col-50 elementor-inner-column elementor-element elementor-element-cb8b903\" data-id=\"cb8b903\" data-element_type=\"column\">\n\t\t\t<div class=\"elementor-widget-wrap elementor-element-populated\">\n\t\t\t\t\t\t<div class=\"elementor-element elementor-element-4a6414f1 elementor-widget elementor-widget-image\" data-id=\"4a6414f1\" data-element_type=\"widget\" data-widget_type=\"image.default\">\n\t\t\t\t<div class=\"elementor-widget-container\">\n\t\t\t\t\t\t\t\t\t\t\t\t\t\t<a href=\"https:\/\/apps.apple.com\/br\/app\/lets-checkin\/id933931988\" target=\"_blank\" id=\"app-store-app-check-in\">\n\t\t\t\t\t\t\t<img decoding=\"async\" width=\"170\" height=\"51\" src=\"https:\/\/lets.events\/l\/wp-content\/uploads\/2022\/11\/app-story-badge-1.png\" class=\"attachment-large size-large wp-image-21288\" alt=\"\" \/>\t\t\t\t\t\t\t\t<\/a>\n\t\t\t\t\t\t\t\t\t\t\t\t\t<\/div>\n\t\t\t\t<\/div>\n\t\t\t\t\t<\/div>\n\t\t<\/div>\n\t\t\t\t<div class=\"elementor-column elementor-col-50 elementor-inner-column elementor-element elementor-element-1058177b\" data-id=\"1058177b\" data-element_type=\"column\">\n\t\t\t<div class=\"elementor-widget-wrap elementor-element-populated\">\n\t\t\t\t\t\t<div class=\"elementor-element elementor-element-7d813fde elementor-widget elementor-widget-image\" data-id=\"7d813fde\" data-element_type=\"widget\" data-widget_type=\"image.default\">\n\t\t\t\t<div class=\"elementor-widget-container\">\n\t\t\t\t\t\t\t\t\t\t\t\t\t\t<a href=\"https:\/\/play.google.com\/store\/apps\/details?id=events.lets.android\" target=\"_blank\" id=\"google-play-app-check-in\">\n\t\t\t\t\t\t\t<img decoding=\"async\" width=\"170\" height=\"53\" src=\"https:\/\/lets.events\/l\/wp-content\/uploads\/2022\/11\/google-play-badge-1.png\" class=\"attachment-large size-large wp-image-21289\" alt=\"\" \/>\t\t\t\t\t\t\t\t<\/a>\n\t\t\t\t\t\t\t\t\t\t\t\t\t<\/div>\n\t\t\t\t<\/div>\n\t\t\t\t\t<\/div>\n\t\t<\/div>\n\t\t\t\t\t<\/div>\n\t\t<\/section>\n\t\t\t\t\t<\/div>\n\t\t<\/div>\n\t\t\t\t<div class=\"elementor-column elementor-col-50 elementor-top-column elementor-element elementor-element-501ae675\" data-id=\"501ae675\" data-element_type=\"column\">\n\t\t\t<div class=\"elementor-widget-wrap\">\n\t\t\t\t\t\t\t<\/div>\n\t\t<\/div>\n\t\t\t\t\t<\/div>\n\t\t<\/section>\n\t\t\t\t<section class=\"elementor-section elementor-top-section elementor-element elementor-element-1936db31 elementor-reverse-mobile elementor-section-height-min-height elementor-section-boxed elementor-section-height-default elementor-section-items-middle\" data-id=\"1936db31\" data-element_type=\"section\" data-settings=\"{&quot;background_background&quot;:&quot;classic&quot;}\">\n\t\t\t\t\t\t<div class=\"elementor-container elementor-column-gap-default\">\n\t\t\t\t\t<div class=\"elementor-column elementor-col-50 elementor-top-column elementor-element elementor-element-6aff9a34\" data-id=\"6aff9a34\" data-element_type=\"column\">\n\t\t\t<div class=\"elementor-widget-wrap elementor-element-populated\">\n\t\t\t\t\t\t<div class=\"elementor-element elementor-element-5478f75f elementor-widget elementor-widget-spacer\" data-id=\"5478f75f\" data-element_type=\"widget\" data-widget_type=\"spacer.default\">\n\t\t\t\t<div class=\"elementor-widget-container\">\n\t\t\t\t\t<div class=\"elementor-spacer\">\n\t\t\t<div class=\"elementor-spacer-inner\"><\/div>\n\t\t<\/div>\n\t\t\t\t<\/div>\n\t\t\t\t<\/div>\n\t\t\t\t\t<\/div>\n\t\t<\/div>\n\t\t\t\t<div class=\"elementor-column elementor-col-50 elementor-top-column elementor-element elementor-element-3fa9cded\" data-id=\"3fa9cded\" data-element_type=\"column\">\n\t\t\t<div class=\"elementor-widget-wrap elementor-element-populated\">\n\t\t\t\t\t\t<div class=\"elementor-element elementor-element-c472a37 elementor-widget elementor-widget-heading\" data-id=\"c472a37\" data-element_type=\"widget\" data-widget_type=\"heading.default\">\n\t\t\t\t<div class=\"elementor-widget-container\">\n\t\t\t<h2 class=\"elementor-heading-title elementor-size-default\">Check-in unificado<\/h2>\t\t<\/div>\n\t\t\t\t<\/div>\n\t\t\t\t<div class=\"elementor-element elementor-element-7952ab15 elementor-widget elementor-widget-text-editor\" data-id=\"7952ab15\" data-element_type=\"widget\" data-widget_type=\"text-editor.default\">\n\t\t\t\t<div class=\"elementor-widget-container\">\n\t\t\t\t\t\t\t<h3>Fa\u00e7a o check-in de ingressos e de listas convidados no mesmo aplicativo.<\/h3>\t\t\t\t\t\t<\/div>\n\t\t\t\t<\/div>\n\t\t\t\t<div class=\"elementor-element elementor-element-6531c0e6 elementor-widget elementor-widget-text-editor\" data-id=\"6531c0e6\" data-element_type=\"widget\" data-widget_type=\"text-editor.default\">\n\t\t\t\t<div class=\"elementor-widget-container\">\n\t\t\t\t\t\t\t<p>Fa\u00e7a o controle de entrada dos participantes fazendo a leitura do QR code dos ingressos ou buscando o nome do participante.<\/p>\t\t\t\t\t\t<\/div>\n\t\t\t\t<\/div>\n\t\t\t\t\t<\/div>\n\t\t<\/div>\n\t\t\t\t\t<\/div>\n\t\t<\/section>\n\t\t\t\t<section class=\"elementor-section elementor-top-section elementor-element elementor-element-1e5b350d elementor-section-height-min-height elementor-section-content-middle elementor-section-boxed elementor-section-height-default elementor-section-items-middle\" data-id=\"1e5b350d\" data-element_type=\"section\" data-settings=\"{&quot;background_background&quot;:&quot;classic&quot;}\">\n\t\t\t\t\t\t\t<div class=\"elementor-background-overlay\"><\/div>\n\t\t\t\t\t\t\t<div class=\"elementor-container elementor-column-gap-default\">\n\t\t\t\t\t<div class=\"elementor-column elementor-col-50 elementor-top-column elementor-element elementor-element-54a82533\" data-id=\"54a82533\" data-element_type=\"column\">\n\t\t\t<div class=\"elementor-widget-wrap elementor-element-populated\">\n\t\t\t\t\t\t<div class=\"elementor-element elementor-element-1a83ad75 elementor-widget elementor-widget-heading\" data-id=\"1a83ad75\" data-element_type=\"widget\" data-widget_type=\"heading.default\">\n\t\t\t\t<div class=\"elementor-widget-container\">\n\t\t\t<h2 class=\"elementor-heading-title elementor-size-default\">Acompanhe em tempo real o total de pessoas presentes e ausentes\n<\/h2>\t\t<\/div>\n\t\t\t\t<\/div>\n\t\t\t\t<div class=\"elementor-element elementor-element-2a42d856 elementor-widget elementor-widget-heading\" data-id=\"2a42d856\" data-element_type=\"widget\" data-widget_type=\"heading.default\">\n\t\t\t\t<div class=\"elementor-widget-container\">\n\t\t\t<p class=\"elementor-heading-title elementor-size-default\">Relat\u00f3rio do n\u00famero de participantes presentes e ausentes por tipo de ingressos e listas de convidados.<\/p>\t\t<\/div>\n\t\t\t\t<\/div>\n\t\t\t\t<section class=\"elementor-section elementor-inner-section elementor-element elementor-element-cdde4e8 elementor-section-boxed elementor-section-height-default elementor-section-height-default\" data-id=\"cdde4e8\" data-element_type=\"section\">\n\t\t\t\t\t\t<div class=\"elementor-container elementor-column-gap-default\">\n\t\t\t\t\t<div class=\"elementor-column elementor-col-50 elementor-inner-column elementor-element elementor-element-748b75a5\" data-id=\"748b75a5\" data-element_type=\"column\">\n\t\t\t<div class=\"elementor-widget-wrap elementor-element-populated\">\n\t\t\t\t\t\t<div class=\"elementor-element elementor-element-56a0677e elementor-widget elementor-widget-image\" data-id=\"56a0677e\" data-element_type=\"widget\" data-widget_type=\"image.default\">\n\t\t\t\t<div class=\"elementor-widget-container\">\n\t\t\t\t\t\t\t\t\t\t\t\t\t\t<a href=\"https:\/\/apps.apple.com\/br\/app\/lets-checkin\/id933931988\" target=\"_blank\" id=\"app-store-app-check-in\">\n\t\t\t\t\t\t\t<img decoding=\"async\" width=\"170\" height=\"51\" src=\"https:\/\/lets.events\/l\/wp-content\/uploads\/2022\/11\/app-story-badge-1.png\" class=\"attachment-large size-large wp-image-21288\" alt=\"\" \/>\t\t\t\t\t\t\t\t<\/a>\n\t\t\t\t\t\t\t\t\t\t\t\t\t<\/div>\n\t\t\t\t<\/div>\n\t\t\t\t\t<\/div>\n\t\t<\/div>\n\t\t\t\t<div class=\"elementor-column elementor-col-50 elementor-inner-column elementor-element elementor-element-301b85a9\" data-id=\"301b85a9\" data-element_type=\"column\">\n\t\t\t<div class=\"elementor-widget-wrap elementor-element-populated\">\n\t\t\t\t\t\t<div class=\"elementor-element elementor-element-2045532b elementor-widget elementor-widget-image\" data-id=\"2045532b\" data-element_type=\"widget\" data-widget_type=\"image.default\">\n\t\t\t\t<div class=\"elementor-widget-container\">\n\t\t\t\t\t\t\t\t\t\t\t\t\t\t<a href=\"https:\/\/play.google.com\/store\/apps\/details?id=events.lets.android\" target=\"_blank\" id=\"google-play-app-check-in\">\n\t\t\t\t\t\t\t<img decoding=\"async\" width=\"170\" height=\"53\" src=\"https:\/\/lets.events\/l\/wp-content\/uploads\/2022\/11\/google-play-badge-1.png\" class=\"attachment-large size-large wp-image-21289\" alt=\"\" \/>\t\t\t\t\t\t\t\t<\/a>\n\t\t\t\t\t\t\t\t\t\t\t\t\t<\/div>\n\t\t\t\t<\/div>\n\t\t\t\t\t<\/div>\n\t\t<\/div>\n\t\t\t\t\t<\/div>\n\t\t<\/section>\n\t\t\t\t\t<\/div>\n\t\t<\/div>\n\t\t\t\t<div class=\"elementor-column elementor-col-50 elementor-top-column elementor-element elementor-element-2e48039c\" data-id=\"2e48039c\" data-element_type=\"column\">\n\t\t\t<div class=\"elementor-widget-wrap elementor-element-populated\">\n\t\t\t\t\t\t<div class=\"elementor-element elementor-element-59b12c22 elementor-widget elementor-widget-spacer\" data-id=\"59b12c22\" data-element_type=\"widget\" data-widget_type=\"spacer.default\">\n\t\t\t\t<div class=\"elementor-widget-container\">\n\t\t\t\t\t<div class=\"elementor-spacer\">\n\t\t\t<div class=\"elementor-spacer-inner\"><\/div>\n\t\t<\/div>\n\t\t\t\t<\/div>\n\t\t\t\t<\/div>\n\t\t\t\t\t<\/div>\n\t\t<\/div>\n\t\t\t\t\t<\/div>\n\t\t<\/section>\n\t\t\t\t<\/div>\n\t\t","protected":false},"excerpt":{"rendered":"<p>Fa\u00e7a o check-in dos participantes do seu evento de forma \u00e1gil Voc\u00ea pode usar v\u00e1rios dispositivos m\u00f3veis ou desktop ao mesmo tempo com sincroniza\u00e7\u00e3o autom\u00e1tica Check-in unificado Fa\u00e7a o check-in de ingressos e de listas convidados no mesmo aplicativo. Fa\u00e7a o controle de entrada dos participantes fazendo a leitura do QR code dos ingressos ou [&hellip;]<\/p>\n","protected":false},"author":13,"featured_media":0,"parent":0,"menu_order":0,"comment_status":"closed","ping_status":"closed","template":"","meta":{"footnotes":""},"folder":[61],"yoast_head":"<!-- This site is optimized with the Yoast SEO plugin v22.6 - https:\/\/yoast.com\/wordpress\/plugins\/seo\/ -->\n<title>App de Check-in - Lets.events<\/title>\n<meta name=\"description\" content=\"No app de check-in da Lets voc\u00ea gerencia os participantes do seu evento de forma \u00e1gil e facilitada em v\u00e1rios dispositivos ao mesmo tempo!\" \/>\n<meta name=\"robots\" content=\"index, follow, max-snippet:-1, max-image-preview:large, max-video-preview:-1\" \/>\n<link rel=\"canonical\" href=\"https:\/\/lets.events\/l\/app-de-check-in\/\" \/>\n<meta property=\"og:locale\" content=\"pt_BR\" \/>\n<meta property=\"og:type\" content=\"article\" \/>\n<meta property=\"og:title\" content=\"App de Check-in - Lets.events\" \/>\n<meta property=\"og:description\" content=\"No app de check-in da Lets voc\u00ea gerencia os participantes do seu evento de forma \u00e1gil e facilitada em v\u00e1rios dispositivos ao mesmo tempo!\" \/>\n<meta property=\"og:url\" content=\"https:\/\/lets.events\/l\/app-de-check-in\/\" \/>\n<meta property=\"og:site_name\" content=\"Lets.events\" \/>\n<meta property=\"article:publisher\" content=\"https:\/\/www.facebook.com\/letsevents0\" \/>\n<meta property=\"article:modified_time\" content=\"2026-01-12T21:46:41+00:00\" \/>\n<meta property=\"og:image\" content=\"https:\/\/lets.events\/l\/wp-content\/uploads\/2022\/11\/app-story-badge-1.png\" \/>\n<meta name=\"twitter:card\" content=\"summary_large_image\" \/>\n<meta name=\"twitter:site\" content=\"@letsevents0\" \/>\n<meta name=\"twitter:label1\" content=\"Est. tempo de leitura\" \/>\n\t<meta name=\"twitter:data1\" content=\"2 minutos\" \/>\n<script type=\"application\/ld+json\" class=\"yoast-schema-graph\">{\"@context\":\"https:\/\/schema.org\",\"@graph\":[{\"@type\":\"WebPage\",\"@id\":\"https:\/\/lets.events\/l\/app-de-check-in\/\",\"url\":\"https:\/\/lets.events\/l\/app-de-check-in\/\",\"name\":\"App de Check-in - Lets.events\",\"isPartOf\":{\"@id\":\"https:\/\/lets.events\/l\/#website\"},\"primaryImageOfPage\":{\"@id\":\"https:\/\/lets.events\/l\/app-de-check-in\/#primaryimage\"},\"image\":{\"@id\":\"https:\/\/lets.events\/l\/app-de-check-in\/#primaryimage\"},\"thumbnailUrl\":\"https:\/\/lets.events\/l\/wp-content\/uploads\/2022\/11\/app-story-badge-1.png\",\"datePublished\":\"2022-11-29T14:18:24+00:00\",\"dateModified\":\"2026-01-12T21:46:41+00:00\",\"description\":\"No app de check-in da Lets voc\u00ea gerencia os participantes do seu evento de forma \u00e1gil e facilitada em v\u00e1rios dispositivos ao mesmo tempo!\",\"breadcrumb\":{\"@id\":\"https:\/\/lets.events\/l\/app-de-check-in\/#breadcrumb\"},\"inLanguage\":\"pt-BR\",\"potentialAction\":[{\"@type\":\"ReadAction\",\"target\":[\"https:\/\/lets.events\/l\/app-de-check-in\/\"]}]},{\"@type\":\"ImageObject\",\"inLanguage\":\"pt-BR\",\"@id\":\"https:\/\/lets.events\/l\/app-de-check-in\/#primaryimage\",\"url\":\"https:\/\/lets.events\/l\/wp-content\/uploads\/2022\/11\/app-story-badge-1.png\",\"contentUrl\":\"https:\/\/lets.events\/l\/wp-content\/uploads\/2022\/11\/app-story-badge-1.png\",\"width\":\"170\",\"height\":\"51\"},{\"@type\":\"BreadcrumbList\",\"@id\":\"https:\/\/lets.events\/l\/app-de-check-in\/#breadcrumb\",\"itemListElement\":[{\"@type\":\"ListItem\",\"position\":1,\"name\":\"In\u00edcio\",\"item\":\"https:\/\/lets.events\/l\/\"},{\"@type\":\"ListItem\",\"position\":2,\"name\":\"App de Check-in\"}]},{\"@type\":\"WebSite\",\"@id\":\"https:\/\/lets.events\/l\/#website\",\"url\":\"https:\/\/lets.events\/l\/\",\"name\":\"Lets.events\",\"description\":\"A plataforma mais eficiente pra venda de ingressos online e listas de convidados pro seu evento. Sem filas, com check-in em 1 clique! Let&#039;s go!\",\"publisher\":{\"@id\":\"https:\/\/lets.events\/l\/#organization\"},\"potentialAction\":[{\"@type\":\"SearchAction\",\"target\":{\"@type\":\"EntryPoint\",\"urlTemplate\":\"https:\/\/lets.events\/l\/?s={search_term_string}\"},\"query-input\":\"required name=search_term_string\"}],\"inLanguage\":\"pt-BR\"},{\"@type\":\"Organization\",\"@id\":\"https:\/\/lets.events\/l\/#organization\",\"name\":\"Lets.events\",\"url\":\"https:\/\/lets.events\/l\/\",\"logo\":{\"@type\":\"ImageObject\",\"inLanguage\":\"pt-BR\",\"@id\":\"https:\/\/lets.events\/l\/#\/schema\/logo\/image\/\",\"url\":\"https:\/\/lets.events\/l\/wp-content\/uploads\/2022\/11\/lets-logo.da449af2-4.png\",\"contentUrl\":\"https:\/\/lets.events\/l\/wp-content\/uploads\/2022\/11\/lets-logo.da449af2-4.png\",\"width\":\"147\",\"height\":\"42\",\"caption\":\"Lets.events\"},\"image\":{\"@id\":\"https:\/\/lets.events\/l\/#\/schema\/logo\/image\/\"},\"sameAs\":[\"https:\/\/www.facebook.com\/letsevents0\",\"https:\/\/x.com\/letsevents0\",\"https:\/\/www.instagram.com\/lets.events\/\",\"https:\/\/www.linkedin.com\/company\/22344358\/admin\/\"]}]}<\/script>\n<!-- \/ Yoast SEO plugin. -->","yoast_head_json":{"title":"App de Check-in - Lets.events","description":"No app de check-in da Lets voc\u00ea gerencia os participantes do seu evento de forma \u00e1gil e facilitada em v\u00e1rios dispositivos ao mesmo tempo!","robots":{"index":"index","follow":"follow","max-snippet":"max-snippet:-1","max-image-preview":"max-image-preview:large","max-video-preview":"max-video-preview:-1"},"canonical":"https:\/\/lets.events\/l\/app-de-check-in\/","og_locale":"pt_BR","og_type":"article","og_title":"App de Check-in - Lets.events","og_description":"No app de check-in da Lets voc\u00ea gerencia os participantes do seu evento de forma \u00e1gil e facilitada em v\u00e1rios dispositivos ao mesmo tempo!","og_url":"https:\/\/lets.events\/l\/app-de-check-in\/","og_site_name":"Lets.events","article_publisher":"https:\/\/www.facebook.com\/letsevents0","article_modified_time":"2026-01-12T21:46:41+00:00","og_image":[{"url":"https:\/\/lets.events\/l\/wp-content\/uploads\/2022\/11\/app-story-badge-1.png"}],"twitter_card":"summary_large_image","twitter_site":"@letsevents0","twitter_misc":{"Est. tempo de leitura":"2 minutos"},"schema":{"@context":"https:\/\/schema.org","@graph":[{"@type":"WebPage","@id":"https:\/\/lets.events\/l\/app-de-check-in\/","url":"https:\/\/lets.events\/l\/app-de-check-in\/","name":"App de Check-in - Lets.events","isPartOf":{"@id":"https:\/\/lets.events\/l\/#website"},"primaryImageOfPage":{"@id":"https:\/\/lets.events\/l\/app-de-check-in\/#primaryimage"},"image":{"@id":"https:\/\/lets.events\/l\/app-de-check-in\/#primaryimage"},"thumbnailUrl":"https:\/\/lets.events\/l\/wp-content\/uploads\/2022\/11\/app-story-badge-1.png","datePublished":"2022-11-29T14:18:24+00:00","dateModified":"2026-01-12T21:46:41+00:00","description":"No app de check-in da Lets voc\u00ea gerencia os participantes do seu evento de forma \u00e1gil e facilitada em v\u00e1rios dispositivos ao mesmo tempo!","breadcrumb":{"@id":"https:\/\/lets.events\/l\/app-de-check-in\/#breadcrumb"},"inLanguage":"pt-BR","potentialAction":[{"@type":"ReadAction","target":["https:\/\/lets.events\/l\/app-de-check-in\/"]}]},{"@type":"ImageObject","inLanguage":"pt-BR","@id":"https:\/\/lets.events\/l\/app-de-check-in\/#primaryimage","url":"https:\/\/lets.events\/l\/wp-content\/uploads\/2022\/11\/app-story-badge-1.png","contentUrl":"https:\/\/lets.events\/l\/wp-content\/uploads\/2022\/11\/app-story-badge-1.png","width":"170","height":"51"},{"@type":"BreadcrumbList","@id":"https:\/\/lets.events\/l\/app-de-check-in\/#breadcrumb","itemListElement":[{"@type":"ListItem","position":1,"name":"In\u00edcio","item":"https:\/\/lets.events\/l\/"},{"@type":"ListItem","position":2,"name":"App de Check-in"}]},{"@type":"WebSite","@id":"https:\/\/lets.events\/l\/#website","url":"https:\/\/lets.events\/l\/","name":"Lets.events","description":"A plataforma mais eficiente pra venda de ingressos online e listas de convidados pro seu evento. Sem filas, com check-in em 1 clique! Let&#039;s go!","publisher":{"@id":"https:\/\/lets.events\/l\/#organization"},"potentialAction":[{"@type":"SearchAction","target":{"@type":"EntryPoint","urlTemplate":"https:\/\/lets.events\/l\/?s={search_term_string}"},"query-input":"required name=search_term_string"}],"inLanguage":"pt-BR"},{"@type":"Organization","@id":"https:\/\/lets.events\/l\/#organization","name":"Lets.events","url":"https:\/\/lets.events\/l\/","logo":{"@type":"ImageObject","inLanguage":"pt-BR","@id":"https:\/\/lets.events\/l\/#\/schema\/logo\/image\/","url":"https:\/\/lets.events\/l\/wp-content\/uploads\/2022\/11\/lets-logo.da449af2-4.png","contentUrl":"https:\/\/lets.events\/l\/wp-content\/uploads\/2022\/11\/lets-logo.da449af2-4.png","width":"147","height":"42","caption":"Lets.events"},"image":{"@id":"https:\/\/lets.events\/l\/#\/schema\/logo\/image\/"},"sameAs":["https:\/\/www.facebook.com\/letsevents0","https:\/\/x.com\/letsevents0","https:\/\/www.instagram.com\/lets.events\/","https:\/\/www.linkedin.com\/company\/22344358\/admin\/"]}]}},"_links":{"self":[{"href":"https:\/\/lets.events\/l\/wp-json\/wp\/v2\/pages\/21499"}],"collection":[{"href":"https:\/\/lets.events\/l\/wp-json\/wp\/v2\/pages"}],"about":[{"href":"https:\/\/lets.events\/l\/wp-json\/wp\/v2\/types\/page"}],"author":[{"embeddable":true,"href":"https:\/\/lets.events\/l\/wp-json\/wp\/v2\/users\/13"}],"replies":[{"embeddable":true,"href":"https:\/\/lets.events\/l\/wp-json\/wp\/v2\/comments?post=21499"}],"version-history":[{"count":15,"href":"https:\/\/lets.events\/l\/wp-json\/wp\/v2\/pages\/21499\/revisions"}],"predecessor-version":[{"id":23147,"href":"https:\/\/lets.events\/l\/wp-json\/wp\/v2\/pages\/21499\/revisions\/23147"}],"wp:attachment":[{"href":"https:\/\/lets.events\/l\/wp-json\/wp\/v2\/media?parent=21499"}],"wp:term":[{"taxonomy":"folder","embeddable":true,"href":"https:\/\/lets.events\/l\/wp-json\/wp\/v2\/folder?post=21499"}],"curies":[{"name":"wp","href":"https:\/\/api.w.org\/{rel}","templated":true}]}}