{"id":21510,"date":"2022-11-29T11:22:15","date_gmt":"2022-11-29T14:22:15","guid":{"rendered":"https:\/\/lets.events\/l\/?page_id=21510"},"modified":"2024-01-29T09:48:57","modified_gmt":"2024-01-29T12:48:57","slug":"dados-estrategicos-do-publico","status":"publish","type":"page","link":"https:\/\/lets.events\/l\/dados-estrategicos-do-publico\/","title":{"rendered":"Dados Estrat\u00e9gicos do P\u00fablico"},"content":{"rendered":"\t\t<div data-elementor-type=\"wp-page\" data-elementor-id=\"21510\" class=\"elementor elementor-21510\" data-elementor-post-type=\"page\">\n\t\t\t\t\t\t<section class=\"elementor-section elementor-top-section elementor-element elementor-element-276107a1 elementor-section-height-min-height elementor-section-boxed elementor-section-height-default elementor-section-items-middle\" data-id=\"276107a1\" data-element_type=\"section\" data-settings=\"{&quot;background_background&quot;:&quot;classic&quot;}\">\n\t\t\t\t\t\t\t<div class=\"elementor-background-overlay\"><\/div>\n\t\t\t\t\t\t\t<div class=\"elementor-container elementor-column-gap-default\">\n\t\t\t\t\t<div class=\"elementor-column elementor-col-50 elementor-top-column elementor-element elementor-element-51ad314f\" data-id=\"51ad314f\" data-element_type=\"column\">\n\t\t\t<div class=\"elementor-widget-wrap elementor-element-populated\">\n\t\t\t\t\t\t<div class=\"elementor-element elementor-element-68c81834 elementor-widget elementor-widget-heading\" data-id=\"68c81834\" data-element_type=\"widget\" data-widget_type=\"heading.default\">\n\t\t\t\t<div class=\"elementor-widget-container\">\n\t\t\t<h1 class=\"elementor-heading-title elementor-size-default\">Dados estrat\u00e9gicos sobre o p\u00fablico<\/h1>\t\t<\/div>\n\t\t\t\t<\/div>\n\t\t\t\t<div class=\"elementor-element elementor-element-57199353 elementor-widget elementor-widget-text-editor\" data-id=\"57199353\" data-element_type=\"widget\" data-widget_type=\"text-editor.default\">\n\t\t\t\t<div class=\"elementor-widget-container\">\n\t\t\t\t\t\t\t<h2>Crie campanha de marketing mais assertivas usando dados estrat\u00e9gicos<\/h2>\t\t\t\t\t\t<\/div>\n\t\t\t\t<\/div>\n\t\t\t\t<div class=\"elementor-element elementor-element-33411f59 elementor-absolute elementor-widget elementor-widget-image\" data-id=\"33411f59\" data-element_type=\"widget\" data-settings=\"{&quot;_position&quot;:&quot;absolute&quot;}\" data-widget_type=\"image.default\">\n\t\t\t\t<div class=\"elementor-widget-container\">\n\t\t\t\t\t\t\t\t\t\t\t\t\t\t<a href=\"#more\">\n\t\t\t\t\t\t\t<img decoding=\"async\" width=\"17\" height=\"19\" src=\"https:\/\/lets.events\/l\/wp-content\/uploads\/2022\/11\/Vector.png\" class=\"attachment-large size-large wp-image-21212\" alt=\"\" \/>\t\t\t\t\t\t\t\t<\/a>\n\t\t\t\t\t\t\t\t\t\t\t\t\t<\/div>\n\t\t\t\t<\/div>\n\t\t\t\t\t<\/div>\n\t\t<\/div>\n\t\t\t\t<div class=\"elementor-column elementor-col-50 elementor-top-column elementor-element elementor-element-2d7cb4c4\" data-id=\"2d7cb4c4\" data-element_type=\"column\">\n\t\t\t<div class=\"elementor-widget-wrap elementor-element-populated\">\n\t\t\t\t\t\t<div class=\"elementor-element elementor-element-2f92266e elementor-hidden-mobile elementor-widget elementor-widget-image\" data-id=\"2f92266e\" data-element_type=\"widget\" data-widget_type=\"image.default\">\n\t\t\t\t<div class=\"elementor-widget-container\">\n\t\t\t\t\t\t\t\t\t\t\t\t\t<img fetchpriority=\"high\" decoding=\"async\" width=\"569\" height=\"378\" src=\"https:\/\/lets.events\/l\/wp-content\/uploads\/2022\/11\/Ilustracao-computar-dados-estrategicos-1.png\" class=\"attachment-large size-large wp-image-21297\" alt=\"\" srcset=\"https:\/\/lets.events\/l\/wp-content\/uploads\/2022\/11\/Ilustracao-computar-dados-estrategicos-1.png 569w, https:\/\/lets.events\/l\/wp-content\/uploads\/2022\/11\/Ilustracao-computar-dados-estrategicos-1-300x199.png 300w\" sizes=\"(max-width: 569px) 100vw, 569px\" \/>\t\t\t\t\t\t\t\t\t\t\t\t\t<\/div>\n\t\t\t\t<\/div>\n\t\t\t\t\t<\/div>\n\t\t<\/div>\n\t\t\t\t\t<\/div>\n\t\t<\/section>\n\t\t\t\t<section class=\"elementor-section elementor-top-section elementor-element elementor-element-42d57e4d elementor-reverse-mobile elementor-section-boxed elementor-section-height-default elementor-section-height-default\" data-id=\"42d57e4d\" data-element_type=\"section\" id=\"more\">\n\t\t\t\t\t\t<div class=\"elementor-container elementor-column-gap-default\">\n\t\t\t\t\t<div class=\"elementor-column elementor-col-50 elementor-top-column elementor-element elementor-element-7f612b44\" data-id=\"7f612b44\" data-element_type=\"column\">\n\t\t\t<div class=\"elementor-widget-wrap elementor-element-populated\">\n\t\t\t\t\t\t<div class=\"elementor-element elementor-element-5b9fc0 elementor-widget elementor-widget-heading\" data-id=\"5b9fc0\" data-element_type=\"widget\" data-widget_type=\"heading.default\">\n\t\t\t\t<div class=\"elementor-widget-container\">\n\t\t\t<h2 class=\"elementor-heading-title elementor-size-default\">Campanhas mais assertivas<\/h2>\t\t<\/div>\n\t\t\t\t<\/div>\n\t\t\t\t<div class=\"elementor-element elementor-element-6ce4ccc5 elementor-widget elementor-widget-text-editor\" data-id=\"6ce4ccc5\" data-element_type=\"widget\" data-widget_type=\"text-editor.default\">\n\t\t\t\t<div class=\"elementor-widget-container\">\n\t\t\t\t\t\t\t<p>Todo organizador de eventos sabe que a divulga\u00e7\u00e3o dos eventos \u00e9 muito importante, mas para a sua divulga\u00e7\u00e3o realmente funcionar, precisa conhecer melhor o seu p\u00fablico e poder criar campanhas de marketing mais assertivas. Saiba quem s\u00e3o os aniversariantes de um determinado per\u00edodo, conhe\u00e7a seu p\u00fablico por faixa et\u00e1ria, por tipo de eventos, g\u00eanero e outros.&nbsp;<\/p>\t\t\t\t\t\t<\/div>\n\t\t\t\t<\/div>\n\t\t\t\t\t<\/div>\n\t\t<\/div>\n\t\t\t\t<div class=\"elementor-column elementor-col-50 elementor-top-column elementor-element elementor-element-306c2e1d\" data-id=\"306c2e1d\" data-element_type=\"column\">\n\t\t\t<div class=\"elementor-widget-wrap elementor-element-populated\">\n\t\t\t\t\t\t<div class=\"elementor-element elementor-element-397c081c elementor-widget elementor-widget-image\" data-id=\"397c081c\" data-element_type=\"widget\" data-widget_type=\"image.default\">\n\t\t\t\t<div class=\"elementor-widget-container\">\n\t\t\t\t\t\t\t\t\t\t\t\t\t<img decoding=\"async\" width=\"800\" height=\"786\" src=\"https:\/\/lets.events\/l\/wp-content\/uploads\/2023\/09\/Participantes-do-evento-table-list-e1694028506204-1024x1006.jpg\" class=\"attachment-large size-large wp-image-22318\" alt=\"\" srcset=\"https:\/\/lets.events\/l\/wp-content\/uploads\/2023\/09\/Participantes-do-evento-table-list-e1694028506204-1024x1006.jpg 1024w, https:\/\/lets.events\/l\/wp-content\/uploads\/2023\/09\/Participantes-do-evento-table-list-e1694028506204-300x295.jpg 300w, https:\/\/lets.events\/l\/wp-content\/uploads\/2023\/09\/Participantes-do-evento-table-list-e1694028506204-768x755.jpg 768w, https:\/\/lets.events\/l\/wp-content\/uploads\/2023\/09\/Participantes-do-evento-table-list-e1694028506204.jpg 1042w\" sizes=\"(max-width: 800px) 100vw, 800px\" \/>\t\t\t\t\t\t\t\t\t\t\t\t\t<\/div>\n\t\t\t\t<\/div>\n\t\t\t\t\t<\/div>\n\t\t<\/div>\n\t\t\t\t\t<\/div>\n\t\t<\/section>\n\t\t\t\t<section class=\"elementor-section elementor-top-section elementor-element elementor-element-20b1aff6 elementor-section-boxed elementor-section-height-default elementor-section-height-default\" data-id=\"20b1aff6\" data-element_type=\"section\">\n\t\t\t\t\t\t<div class=\"elementor-container elementor-column-gap-default\">\n\t\t\t\t\t<div class=\"elementor-column elementor-col-100 elementor-top-column elementor-element elementor-element-68590633\" data-id=\"68590633\" data-element_type=\"column\">\n\t\t\t<div class=\"elementor-widget-wrap elementor-element-populated\">\n\t\t\t\t\t\t<section class=\"elementor-section elementor-inner-section elementor-element elementor-element-6657b6d7 elementor-section-height-min-height elementor-reverse-mobile elementor-section-boxed elementor-section-height-default\" data-id=\"6657b6d7\" data-element_type=\"section\" data-settings=\"{&quot;background_background&quot;:&quot;classic&quot;}\">\n\t\t\t\t\t\t\t<div class=\"elementor-background-overlay\"><\/div>\n\t\t\t\t\t\t\t<div class=\"elementor-container elementor-column-gap-default\">\n\t\t\t\t\t<div class=\"elementor-column elementor-col-50 elementor-inner-column elementor-element elementor-element-3173c6e\" data-id=\"3173c6e\" data-element_type=\"column\">\n\t\t\t<div class=\"elementor-widget-wrap elementor-element-populated\">\n\t\t\t\t\t\t<div class=\"elementor-element elementor-element-6ba1e2b elementor-absolute elementor-widget elementor-widget-image\" data-id=\"6ba1e2b\" data-element_type=\"widget\" data-settings=\"{&quot;_position&quot;:&quot;absolute&quot;}\" data-widget_type=\"image.default\">\n\t\t\t\t<div class=\"elementor-widget-container\">\n\t\t\t\t\t\t\t\t\t\t\t\t\t<img loading=\"lazy\" decoding=\"async\" width=\"370\" height=\"328\" src=\"https:\/\/lets.events\/l\/wp-content\/uploads\/2022\/11\/young-businesswoman-posing-with-copy-space-removebg-preview-1.png\" class=\"attachment-large size-large wp-image-21301\" alt=\"\" srcset=\"https:\/\/lets.events\/l\/wp-content\/uploads\/2022\/11\/young-businesswoman-posing-with-copy-space-removebg-preview-1.png 370w, https:\/\/lets.events\/l\/wp-content\/uploads\/2022\/11\/young-businesswoman-posing-with-copy-space-removebg-preview-1-300x266.png 300w\" sizes=\"(max-width: 370px) 100vw, 370px\" \/>\t\t\t\t\t\t\t\t\t\t\t\t\t<\/div>\n\t\t\t\t<\/div>\n\t\t\t\t\t<\/div>\n\t\t<\/div>\n\t\t\t\t<div class=\"elementor-column elementor-col-50 elementor-inner-column elementor-element elementor-element-43c91ca9\" data-id=\"43c91ca9\" data-element_type=\"column\">\n\t\t\t<div class=\"elementor-widget-wrap elementor-element-populated\">\n\t\t\t\t\t\t<div class=\"elementor-element elementor-element-25aa36cc elementor-widget elementor-widget-heading\" data-id=\"25aa36cc\" data-element_type=\"widget\" data-widget_type=\"heading.default\">\n\t\t\t\t<div class=\"elementor-widget-container\">\n\t\t\t<h2 class=\"elementor-heading-title elementor-size-default\">Segmente seu p\u00fablico por tipo de evento, clientes mais ass\u00edduos, aniversariantes do m\u00eas, g\u00eanero e outros.<\/h2>\t\t<\/div>\n\t\t\t\t<\/div>\n\t\t\t\t\t<\/div>\n\t\t<\/div>\n\t\t\t\t\t<\/div>\n\t\t<\/section>\n\t\t\t\t\t<\/div>\n\t\t<\/div>\n\t\t\t\t\t<\/div>\n\t\t<\/section>\n\t\t\t\t<section class=\"elementor-section elementor-top-section elementor-element elementor-element-7f5d8d33 elementor-reverse-mobile elementor-section-boxed elementor-section-height-default elementor-section-height-default\" data-id=\"7f5d8d33\" data-element_type=\"section\">\n\t\t\t\t\t\t<div class=\"elementor-container elementor-column-gap-default\">\n\t\t\t\t\t<div class=\"elementor-column elementor-col-50 elementor-top-column elementor-element elementor-element-44281f7a\" data-id=\"44281f7a\" data-element_type=\"column\">\n\t\t\t<div class=\"elementor-widget-wrap elementor-element-populated\">\n\t\t\t\t\t\t<div class=\"elementor-element elementor-element-1a373c37 elementor-widget elementor-widget-heading\" data-id=\"1a373c37\" data-element_type=\"widget\" data-widget_type=\"heading.default\">\n\t\t\t\t<div class=\"elementor-widget-container\">\n\t\t\t<h2 class=\"elementor-heading-title elementor-size-default\">Informa\u00e7\u00f5es dos participantes de eventos anteriores<\/h2>\t\t<\/div>\n\t\t\t\t<\/div>\n\t\t\t\t<div class=\"elementor-element elementor-element-7e8db145 elementor-widget elementor-widget-text-editor\" data-id=\"7e8db145\" data-element_type=\"widget\" data-widget_type=\"text-editor.default\">\n\t\t\t\t<div class=\"elementor-widget-container\">\n\t\t\t\t\t\t\t<p>O Lets cria automaticamente para voc\u00ea uma lista com os participantes de eventos anteriores e fornece dados importantes sobre o seu p\u00fablico.<\/p><p>Voc\u00ea pode segmentar e extrair v\u00e1rias informa\u00e7\u00f5es importantes sobre o seu p\u00fablico antes de criar sua campanha de e-mail marketing.<\/p>\t\t\t\t\t\t<\/div>\n\t\t\t\t<\/div>\n\t\t\t\t<div class=\"elementor-element elementor-element-4bbaee9a elementor-mobile-align-justify elementor-widget elementor-widget-button\" data-id=\"4bbaee9a\" data-element_type=\"widget\" data-widget_type=\"button.default\">\n\t\t\t\t<div class=\"elementor-widget-container\">\n\t\t\t\t\t<div class=\"elementor-button-wrapper\">\n\t\t\t<a class=\"elementor-button elementor-button-link elementor-size-sm\" href=\"https:\/\/lets.events\/l\/organize\/falar-consultor\/\" id=\"falar-com-consultor-dados-estrategicos\">\n\t\t\t\t\t\t<span class=\"elementor-button-content-wrapper\">\n\t\t\t\t\t\t\t\t\t<span class=\"elementor-button-text\">Falar com consultor<\/span>\n\t\t\t\t\t<\/span>\n\t\t\t\t\t<\/a>\n\t\t<\/div>\n\t\t\t\t<\/div>\n\t\t\t\t<\/div>\n\t\t\t\t\t<\/div>\n\t\t<\/div>\n\t\t\t\t<div class=\"elementor-column elementor-col-50 elementor-top-column elementor-element elementor-element-4166214e\" data-id=\"4166214e\" data-element_type=\"column\">\n\t\t\t<div class=\"elementor-widget-wrap elementor-element-populated\">\n\t\t\t\t\t\t<div class=\"elementor-element elementor-element-7692f858 elementor-widget elementor-widget-image\" data-id=\"7692f858\" data-element_type=\"widget\" data-widget_type=\"image.default\">\n\t\t\t\t<div class=\"elementor-widget-container\">\n\t\t\t\t\t\t\t\t\t\t\t\t\t<img loading=\"lazy\" decoding=\"async\" width=\"570\" height=\"414\" src=\"https:\/\/lets.events\/l\/wp-content\/uploads\/2022\/11\/Rectangle-82.png\" class=\"attachment-large size-large wp-image-21304\" alt=\"\" srcset=\"https:\/\/lets.events\/l\/wp-content\/uploads\/2022\/11\/Rectangle-82.png 570w, https:\/\/lets.events\/l\/wp-content\/uploads\/2022\/11\/Rectangle-82-300x218.png 300w, https:\/\/lets.events\/l\/wp-content\/uploads\/2022\/11\/Rectangle-82-110x80.png 110w\" sizes=\"(max-width: 570px) 100vw, 570px\" \/>\t\t\t\t\t\t\t\t\t\t\t\t\t<\/div>\n\t\t\t\t<\/div>\n\t\t\t\t\t<\/div>\n\t\t<\/div>\n\t\t\t\t\t<\/div>\n\t\t<\/section>\n\t\t\t\t<\/div>\n\t\t","protected":false},"excerpt":{"rendered":"<p>Dados estrat\u00e9gicos sobre o p\u00fablico Crie campanha de marketing mais assertivas usando dados estrat\u00e9gicos Campanhas mais assertivas Todo organizador de eventos sabe que a divulga\u00e7\u00e3o dos eventos \u00e9 muito importante, mas para a sua divulga\u00e7\u00e3o realmente funcionar, precisa conhecer melhor o seu p\u00fablico e poder criar campanhas de marketing mais assertivas. Saiba quem s\u00e3o os [&hellip;]<\/p>\n","protected":false},"author":13,"featured_media":0,"parent":0,"menu_order":0,"comment_status":"closed","ping_status":"closed","template":"","meta":{"footnotes":""},"folder":[61],"yoast_head":"<!-- This site is optimized with the Yoast SEO plugin v22.6 - https:\/\/yoast.com\/wordpress\/plugins\/seo\/ -->\n<title>Dados Estrat\u00e9gicos do P\u00fablico - Lets.events<\/title>\n<meta name=\"description\" content=\"Crie campanha de marketing mais assertivas usando dados estrat\u00e9gicos que v\u00e3o agregar mais p\u00fablico e retorno financeiro aos seus eventos.\" \/>\n<meta name=\"robots\" content=\"index, follow, max-snippet:-1, max-image-preview:large, max-video-preview:-1\" \/>\n<link rel=\"canonical\" href=\"https:\/\/lets.events\/l\/dados-estrategicos-do-publico\/\" \/>\n<meta property=\"og:locale\" content=\"pt_BR\" \/>\n<meta property=\"og:type\" content=\"article\" \/>\n<meta property=\"og:title\" content=\"Dados Estrat\u00e9gicos do P\u00fablico - Lets.events\" \/>\n<meta property=\"og:description\" content=\"Crie campanha de marketing mais assertivas usando dados estrat\u00e9gicos que v\u00e3o agregar mais p\u00fablico e retorno financeiro aos seus eventos.\" \/>\n<meta property=\"og:url\" content=\"https:\/\/lets.events\/l\/dados-estrategicos-do-publico\/\" \/>\n<meta property=\"og:site_name\" content=\"Lets.events\" \/>\n<meta property=\"article:publisher\" content=\"https:\/\/www.facebook.com\/letsevents0\" \/>\n<meta property=\"article:modified_time\" content=\"2024-01-29T12:48:57+00:00\" \/>\n<meta property=\"og:image\" content=\"https:\/\/lets.events\/l\/wp-content\/uploads\/2022\/11\/Vector.png\" \/>\n<meta name=\"twitter:card\" content=\"summary_large_image\" \/>\n<meta name=\"twitter:site\" content=\"@letsevents0\" \/>\n<meta name=\"twitter:label1\" content=\"Est. tempo de leitura\" \/>\n\t<meta name=\"twitter:data1\" content=\"2 minutos\" \/>\n<script type=\"application\/ld+json\" class=\"yoast-schema-graph\">{\"@context\":\"https:\/\/schema.org\",\"@graph\":[{\"@type\":\"WebPage\",\"@id\":\"https:\/\/lets.events\/l\/dados-estrategicos-do-publico\/\",\"url\":\"https:\/\/lets.events\/l\/dados-estrategicos-do-publico\/\",\"name\":\"Dados Estrat\u00e9gicos do P\u00fablico - Lets.events\",\"isPartOf\":{\"@id\":\"https:\/\/lets.events\/l\/#website\"},\"primaryImageOfPage\":{\"@id\":\"https:\/\/lets.events\/l\/dados-estrategicos-do-publico\/#primaryimage\"},\"image\":{\"@id\":\"https:\/\/lets.events\/l\/dados-estrategicos-do-publico\/#primaryimage\"},\"thumbnailUrl\":\"https:\/\/lets.events\/l\/wp-content\/uploads\/2022\/11\/Vector.png\",\"datePublished\":\"2022-11-29T14:22:15+00:00\",\"dateModified\":\"2024-01-29T12:48:57+00:00\",\"description\":\"Crie campanha de marketing mais assertivas usando dados estrat\u00e9gicos que v\u00e3o agregar mais p\u00fablico e retorno financeiro aos seus eventos.\",\"breadcrumb\":{\"@id\":\"https:\/\/lets.events\/l\/dados-estrategicos-do-publico\/#breadcrumb\"},\"inLanguage\":\"pt-BR\",\"potentialAction\":[{\"@type\":\"ReadAction\",\"target\":[\"https:\/\/lets.events\/l\/dados-estrategicos-do-publico\/\"]}]},{\"@type\":\"ImageObject\",\"inLanguage\":\"pt-BR\",\"@id\":\"https:\/\/lets.events\/l\/dados-estrategicos-do-publico\/#primaryimage\",\"url\":\"https:\/\/lets.events\/l\/wp-content\/uploads\/2022\/11\/Vector.png\",\"contentUrl\":\"https:\/\/lets.events\/l\/wp-content\/uploads\/2022\/11\/Vector.png\",\"width\":17,\"height\":19},{\"@type\":\"BreadcrumbList\",\"@id\":\"https:\/\/lets.events\/l\/dados-estrategicos-do-publico\/#breadcrumb\",\"itemListElement\":[{\"@type\":\"ListItem\",\"position\":1,\"name\":\"In\u00edcio\",\"item\":\"https:\/\/lets.events\/l\/\"},{\"@type\":\"ListItem\",\"position\":2,\"name\":\"Dados Estrat\u00e9gicos do P\u00fablico\"}]},{\"@type\":\"WebSite\",\"@id\":\"https:\/\/lets.events\/l\/#website\",\"url\":\"https:\/\/lets.events\/l\/\",\"name\":\"Lets.events\",\"description\":\"A plataforma mais eficiente pra venda de ingressos online e listas de convidados pro seu evento. Sem filas, com check-in em 1 clique! Let&#039;s go!\",\"publisher\":{\"@id\":\"https:\/\/lets.events\/l\/#organization\"},\"potentialAction\":[{\"@type\":\"SearchAction\",\"target\":{\"@type\":\"EntryPoint\",\"urlTemplate\":\"https:\/\/lets.events\/l\/?s={search_term_string}\"},\"query-input\":\"required name=search_term_string\"}],\"inLanguage\":\"pt-BR\"},{\"@type\":\"Organization\",\"@id\":\"https:\/\/lets.events\/l\/#organization\",\"name\":\"Lets.events\",\"url\":\"https:\/\/lets.events\/l\/\",\"logo\":{\"@type\":\"ImageObject\",\"inLanguage\":\"pt-BR\",\"@id\":\"https:\/\/lets.events\/l\/#\/schema\/logo\/image\/\",\"url\":\"https:\/\/lets.events\/l\/wp-content\/uploads\/2022\/11\/lets-logo.da449af2-4.png\",\"contentUrl\":\"https:\/\/lets.events\/l\/wp-content\/uploads\/2022\/11\/lets-logo.da449af2-4.png\",\"width\":\"147\",\"height\":\"42\",\"caption\":\"Lets.events\"},\"image\":{\"@id\":\"https:\/\/lets.events\/l\/#\/schema\/logo\/image\/\"},\"sameAs\":[\"https:\/\/www.facebook.com\/letsevents0\",\"https:\/\/x.com\/letsevents0\",\"https:\/\/www.instagram.com\/lets.events\/\",\"https:\/\/www.linkedin.com\/company\/22344358\/admin\/\"]}]}<\/script>\n<!-- \/ Yoast SEO plugin. -->","yoast_head_json":{"title":"Dados Estrat\u00e9gicos do P\u00fablico - Lets.events","description":"Crie campanha de marketing mais assertivas usando dados estrat\u00e9gicos que v\u00e3o agregar mais p\u00fablico e retorno financeiro aos seus eventos.","robots":{"index":"index","follow":"follow","max-snippet":"max-snippet:-1","max-image-preview":"max-image-preview:large","max-video-preview":"max-video-preview:-1"},"canonical":"https:\/\/lets.events\/l\/dados-estrategicos-do-publico\/","og_locale":"pt_BR","og_type":"article","og_title":"Dados Estrat\u00e9gicos do P\u00fablico - Lets.events","og_description":"Crie campanha de marketing mais assertivas usando dados estrat\u00e9gicos que v\u00e3o agregar mais p\u00fablico e retorno financeiro aos seus eventos.","og_url":"https:\/\/lets.events\/l\/dados-estrategicos-do-publico\/","og_site_name":"Lets.events","article_publisher":"https:\/\/www.facebook.com\/letsevents0","article_modified_time":"2024-01-29T12:48:57+00:00","og_image":[{"url":"https:\/\/lets.events\/l\/wp-content\/uploads\/2022\/11\/Vector.png"}],"twitter_card":"summary_large_image","twitter_site":"@letsevents0","twitter_misc":{"Est. tempo de leitura":"2 minutos"},"schema":{"@context":"https:\/\/schema.org","@graph":[{"@type":"WebPage","@id":"https:\/\/lets.events\/l\/dados-estrategicos-do-publico\/","url":"https:\/\/lets.events\/l\/dados-estrategicos-do-publico\/","name":"Dados Estrat\u00e9gicos do P\u00fablico - Lets.events","isPartOf":{"@id":"https:\/\/lets.events\/l\/#website"},"primaryImageOfPage":{"@id":"https:\/\/lets.events\/l\/dados-estrategicos-do-publico\/#primaryimage"},"image":{"@id":"https:\/\/lets.events\/l\/dados-estrategicos-do-publico\/#primaryimage"},"thumbnailUrl":"https:\/\/lets.events\/l\/wp-content\/uploads\/2022\/11\/Vector.png","datePublished":"2022-11-29T14:22:15+00:00","dateModified":"2024-01-29T12:48:57+00:00","description":"Crie campanha de marketing mais assertivas usando dados estrat\u00e9gicos que v\u00e3o agregar mais p\u00fablico e retorno financeiro aos seus eventos.","breadcrumb":{"@id":"https:\/\/lets.events\/l\/dados-estrategicos-do-publico\/#breadcrumb"},"inLanguage":"pt-BR","potentialAction":[{"@type":"ReadAction","target":["https:\/\/lets.events\/l\/dados-estrategicos-do-publico\/"]}]},{"@type":"ImageObject","inLanguage":"pt-BR","@id":"https:\/\/lets.events\/l\/dados-estrategicos-do-publico\/#primaryimage","url":"https:\/\/lets.events\/l\/wp-content\/uploads\/2022\/11\/Vector.png","contentUrl":"https:\/\/lets.events\/l\/wp-content\/uploads\/2022\/11\/Vector.png","width":17,"height":19},{"@type":"BreadcrumbList","@id":"https:\/\/lets.events\/l\/dados-estrategicos-do-publico\/#breadcrumb","itemListElement":[{"@type":"ListItem","position":1,"name":"In\u00edcio","item":"https:\/\/lets.events\/l\/"},{"@type":"ListItem","position":2,"name":"Dados Estrat\u00e9gicos do P\u00fablico"}]},{"@type":"WebSite","@id":"https:\/\/lets.events\/l\/#website","url":"https:\/\/lets.events\/l\/","name":"Lets.events","description":"A plataforma mais eficiente pra venda de ingressos online e listas de convidados pro seu evento. Sem filas, com check-in em 1 clique! Let&#039;s go!","publisher":{"@id":"https:\/\/lets.events\/l\/#organization"},"potentialAction":[{"@type":"SearchAction","target":{"@type":"EntryPoint","urlTemplate":"https:\/\/lets.events\/l\/?s={search_term_string}"},"query-input":"required name=search_term_string"}],"inLanguage":"pt-BR"},{"@type":"Organization","@id":"https:\/\/lets.events\/l\/#organization","name":"Lets.events","url":"https:\/\/lets.events\/l\/","logo":{"@type":"ImageObject","inLanguage":"pt-BR","@id":"https:\/\/lets.events\/l\/#\/schema\/logo\/image\/","url":"https:\/\/lets.events\/l\/wp-content\/uploads\/2022\/11\/lets-logo.da449af2-4.png","contentUrl":"https:\/\/lets.events\/l\/wp-content\/uploads\/2022\/11\/lets-logo.da449af2-4.png","width":"147","height":"42","caption":"Lets.events"},"image":{"@id":"https:\/\/lets.events\/l\/#\/schema\/logo\/image\/"},"sameAs":["https:\/\/www.facebook.com\/letsevents0","https:\/\/x.com\/letsevents0","https:\/\/www.instagram.com\/lets.events\/","https:\/\/www.linkedin.com\/company\/22344358\/admin\/"]}]}},"_links":{"self":[{"href":"https:\/\/lets.events\/l\/wp-json\/wp\/v2\/pages\/21510"}],"collection":[{"href":"https:\/\/lets.events\/l\/wp-json\/wp\/v2\/pages"}],"about":[{"href":"https:\/\/lets.events\/l\/wp-json\/wp\/v2\/types\/page"}],"author":[{"embeddable":true,"href":"https:\/\/lets.events\/l\/wp-json\/wp\/v2\/users\/13"}],"replies":[{"embeddable":true,"href":"https:\/\/lets.events\/l\/wp-json\/wp\/v2\/comments?post=21510"}],"version-history":[{"count":8,"href":"https:\/\/lets.events\/l\/wp-json\/wp\/v2\/pages\/21510\/revisions"}],"predecessor-version":[{"id":22358,"href":"https:\/\/lets.events\/l\/wp-json\/wp\/v2\/pages\/21510\/revisions\/22358"}],"wp:attachment":[{"href":"https:\/\/lets.events\/l\/wp-json\/wp\/v2\/media?parent=21510"}],"wp:term":[{"taxonomy":"folder","embeddable":true,"href":"https:\/\/lets.events\/l\/wp-json\/wp\/v2\/folder?post=21510"}],"curies":[{"name":"wp","href":"https:\/\/api.w.org\/{rel}","templated":true}]}}