{"id":7509,"date":"2020-05-22T15:09:05","date_gmt":"2020-05-22T18:09:05","guid":{"rendered":"https:\/\/lets.events\/l\/?page_id=7509"},"modified":"2023-02-07T19:41:35","modified_gmt":"2023-02-07T22:41:35","slug":"sistema-de-doacao","status":"publish","type":"page","link":"https:\/\/lets.events\/l\/recursos\/doacao\/","title":{"rendered":"Sistema de Doa\u00e7\u00e3o"},"content":{"rendered":"\t\t<div data-elementor-type=\"wp-page\" data-elementor-id=\"7509\" class=\"elementor elementor-7509\" data-elementor-post-type=\"page\">\n\t\t\t\t\t\t<section class=\"elementor-section elementor-top-section elementor-element elementor-element-567249dc elementor-section-height-min-height elementor-section-items-stretch elementor-section-boxed elementor-section-height-default\" data-id=\"567249dc\" data-element_type=\"section\" data-settings=\"{&quot;background_background&quot;:&quot;classic&quot;}\">\n\t\t\t\t\t\t<div class=\"elementor-container elementor-column-gap-default\">\n\t\t\t\t\t<div class=\"elementor-column elementor-col-50 elementor-top-column elementor-element elementor-element-6dd24e72\" data-id=\"6dd24e72\" data-element_type=\"column\">\n\t\t\t<div class=\"elementor-widget-wrap elementor-element-populated\">\n\t\t\t\t\t\t<div class=\"elementor-element elementor-element-6ec5fb3e elementor-widget elementor-widget-heading\" data-id=\"6ec5fb3e\" data-element_type=\"widget\" data-widget_type=\"heading.default\">\n\t\t\t\t<div class=\"elementor-widget-container\">\n\t\t\t<h1 class=\"elementor-heading-title elementor-size-default\">Sistema de Doa\u00e7\u00e3o<\/h1>\t\t<\/div>\n\t\t\t\t<\/div>\n\t\t\t\t<div class=\"elementor-element elementor-element-56b8b9fd elementor-widget elementor-widget-text-editor\" data-id=\"56b8b9fd\" data-element_type=\"widget\" data-widget_type=\"text-editor.default\">\n\t\t\t\t<div class=\"elementor-widget-container\">\n\t\t\t\t\t\t\t<h2>Crie Campanhas de Doa\u00e7\u00e3o e Vaquinhas online de forma muito simples e r\u00e1pida.<\/h2>\t\t\t\t\t\t<\/div>\n\t\t\t\t<\/div>\n\t\t\t\t<div class=\"elementor-element elementor-element-79f6a32d elementor-absolute elementor-widget elementor-widget-image\" data-id=\"79f6a32d\" data-element_type=\"widget\" data-settings=\"{&quot;_position&quot;:&quot;absolute&quot;}\" data-widget_type=\"image.default\">\n\t\t\t\t<div class=\"elementor-widget-container\">\n\t\t\t\t\t\t\t\t\t\t\t\t\t\t<a href=\"#more\">\n\t\t\t\t\t\t\t<img decoding=\"async\" width=\"17\" height=\"19\" src=\"https:\/\/lets.events\/l\/wp-content\/uploads\/2022\/11\/Vector.png\" class=\"attachment-large size-large wp-image-21212\" alt=\"\" \/>\t\t\t\t\t\t\t\t<\/a>\n\t\t\t\t\t\t\t\t\t\t\t\t\t<\/div>\n\t\t\t\t<\/div>\n\t\t\t\t\t<\/div>\n\t\t<\/div>\n\t\t\t\t<div class=\"elementor-column elementor-col-50 elementor-top-column elementor-element elementor-element-32442166 elementor-hidden-mobile\" data-id=\"32442166\" data-element_type=\"column\">\n\t\t\t<div class=\"elementor-widget-wrap elementor-element-populated\">\n\t\t\t\t\t\t<div class=\"elementor-element elementor-element-13d69f22 elementor-absolute elementor-widget elementor-widget-image\" data-id=\"13d69f22\" data-element_type=\"widget\" data-settings=\"{&quot;_position&quot;:&quot;absolute&quot;}\" data-widget_type=\"image.default\">\n\t\t\t\t<div class=\"elementor-widget-container\">\n\t\t\t\t\t\t\t\t\t\t\t\t\t<img fetchpriority=\"high\" decoding=\"async\" width=\"604\" height=\"498\" src=\"https:\/\/lets.events\/l\/wp-content\/uploads\/2022\/11\/Ilustracao-woman-persona-notbook.png\" class=\"attachment-large size-large wp-image-21318\" alt=\"\" srcset=\"https:\/\/lets.events\/l\/wp-content\/uploads\/2022\/11\/Ilustracao-woman-persona-notbook.png 604w, https:\/\/lets.events\/l\/wp-content\/uploads\/2022\/11\/Ilustracao-woman-persona-notbook-300x247.png 300w\" sizes=\"(max-width: 604px) 100vw, 604px\" \/>\t\t\t\t\t\t\t\t\t\t\t\t\t<\/div>\n\t\t\t\t<\/div>\n\t\t\t\t\t<\/div>\n\t\t<\/div>\n\t\t\t\t\t<\/div>\n\t\t<\/section>\n\t\t\t\t<section class=\"elementor-section elementor-top-section elementor-element elementor-element-6f9c35cf elementor-section-boxed elementor-section-height-default elementor-section-height-default\" data-id=\"6f9c35cf\" data-element_type=\"section\" data-settings=\"{&quot;background_background&quot;:&quot;classic&quot;}\">\n\t\t\t\t\t\t<div class=\"elementor-container elementor-column-gap-default\">\n\t\t\t\t\t<div class=\"elementor-column elementor-col-33 elementor-top-column elementor-element elementor-element-cf5d1f7\" data-id=\"cf5d1f7\" data-element_type=\"column\">\n\t\t\t<div class=\"elementor-widget-wrap elementor-element-populated\">\n\t\t\t\t\t\t<div class=\"elementor-element elementor-element-4792842f elementor-position-top elementor-widget elementor-widget-image-box\" data-id=\"4792842f\" data-element_type=\"widget\" data-widget_type=\"image-box.default\">\n\t\t\t\t<div class=\"elementor-widget-container\">\n\t\t\t<div class=\"elementor-image-box-wrapper\"><figure class=\"elementor-image-box-img\"><img decoding=\"async\" width=\"80\" height=\"83\" src=\"https:\/\/lets.events\/l\/wp-content\/uploads\/2022\/11\/Group-118.png\" class=\"attachment-full size-full wp-image-21310\" alt=\"\" \/><\/figure><div class=\"elementor-image-box-content\"><h2 class=\"elementor-image-box-title\">Receba contribui\u00e7\u00f5es facilmente<\/h2><p class=\"elementor-image-box-description\">Crie campanhas de doa\u00e7\u00e3o, compartilhe um link para receber as contribui\u00e7\u00f5es e pronto!\n<\/p><\/div><\/div>\t\t<\/div>\n\t\t\t\t<\/div>\n\t\t\t\t\t<\/div>\n\t\t<\/div>\n\t\t\t\t<div class=\"elementor-column elementor-col-33 elementor-top-column elementor-element elementor-element-18d0a5bc\" data-id=\"18d0a5bc\" data-element_type=\"column\">\n\t\t\t<div class=\"elementor-widget-wrap elementor-element-populated\">\n\t\t\t\t\t\t<div class=\"elementor-element elementor-element-1b8c5f22 elementor-position-top elementor-widget elementor-widget-image-box\" data-id=\"1b8c5f22\" data-element_type=\"widget\" data-widget_type=\"image-box.default\">\n\t\t\t\t<div class=\"elementor-widget-container\">\n\t\t\t<div class=\"elementor-image-box-wrapper\"><figure class=\"elementor-image-box-img\"><img loading=\"lazy\" decoding=\"async\" width=\"80\" height=\"83\" src=\"https:\/\/lets.events\/l\/wp-content\/uploads\/2022\/11\/Group-119.png\" class=\"attachment-full size-full wp-image-21311\" alt=\"\" \/><\/figure><div class=\"elementor-image-box-content\"><h2 class=\"elementor-image-box-title\">Tenha o controle das contribui\u00e7\u00f5es<\/h2><p class=\"elementor-image-box-description\">Acompanhe os valores das contribui\u00e7\u00f5es e veja todos que contribuiram em tempo real<\/p><\/div><\/div>\t\t<\/div>\n\t\t\t\t<\/div>\n\t\t\t\t\t<\/div>\n\t\t<\/div>\n\t\t\t\t<div class=\"elementor-column elementor-col-33 elementor-top-column elementor-element elementor-element-12fc3c1d\" data-id=\"12fc3c1d\" data-element_type=\"column\">\n\t\t\t<div class=\"elementor-widget-wrap elementor-element-populated\">\n\t\t\t\t\t\t<div class=\"elementor-element elementor-element-12faa304 elementor-position-top elementor-widget elementor-widget-image-box\" data-id=\"12faa304\" data-element_type=\"widget\" data-widget_type=\"image-box.default\">\n\t\t\t\t<div class=\"elementor-widget-container\">\n\t\t\t<div class=\"elementor-image-box-wrapper\"><figure class=\"elementor-image-box-img\"><img loading=\"lazy\" decoding=\"async\" width=\"80\" height=\"83\" src=\"https:\/\/lets.events\/l\/wp-content\/uploads\/2022\/11\/Group-120.png\" class=\"attachment-full size-full wp-image-21312\" alt=\"\" \/><\/figure><div class=\"elementor-image-box-content\"><h2 class=\"elementor-image-box-title\">Impulsione as suas contribui\u00e7\u00f5es<\/h2><p class=\"elementor-image-box-description\">Utilize nossas ferramentas para incentivar as pessoas a contribuirem mais.\n<\/p><\/div><\/div>\t\t<\/div>\n\t\t\t\t<\/div>\n\t\t\t\t\t<\/div>\n\t\t<\/div>\n\t\t\t\t\t<\/div>\n\t\t<\/section>\n\t\t\t\t<section class=\"elementor-section elementor-top-section elementor-element elementor-element-355734e1 elementor-reverse-mobile elementor-section-boxed elementor-section-height-default elementor-section-height-default\" data-id=\"355734e1\" data-element_type=\"section\" id=\"more\">\n\t\t\t\t\t\t<div class=\"elementor-container elementor-column-gap-default\">\n\t\t\t\t\t<div class=\"elementor-column elementor-col-50 elementor-top-column elementor-element elementor-element-d76fa4a\" data-id=\"d76fa4a\" data-element_type=\"column\">\n\t\t\t<div class=\"elementor-widget-wrap elementor-element-populated\">\n\t\t\t\t\t\t<div class=\"elementor-element elementor-element-b433094 elementor-widget elementor-widget-heading\" data-id=\"b433094\" data-element_type=\"widget\" data-widget_type=\"heading.default\">\n\t\t\t\t<div class=\"elementor-widget-container\">\n\t\t\t<h2 class=\"elementor-heading-title elementor-size-default\">No Lets voc\u00ea trabalha com uma ferramenta completa!<\/h2>\t\t<\/div>\n\t\t\t\t<\/div>\n\t\t\t\t<div class=\"elementor-element elementor-element-7e0df7eb elementor-widget elementor-widget-text-editor\" data-id=\"7e0df7eb\" data-element_type=\"widget\" data-widget_type=\"text-editor.default\">\n\t\t\t\t<div class=\"elementor-widget-container\">\n\t\t\t\t\t\t\t<h3>Voc\u00ea pode fazer criar ingressos e doa\u00e7\u00f5es no mesmo evento.\u00a0<\/h3>\t\t\t\t\t\t<\/div>\n\t\t\t\t<\/div>\n\t\t\t\t<div class=\"elementor-element elementor-element-60e55ac9 elementor-widget elementor-widget-text-editor\" data-id=\"60e55ac9\" data-element_type=\"widget\" data-widget_type=\"text-editor.default\">\n\t\t\t\t<div class=\"elementor-widget-container\">\n\t\t\t\t\t\t\t<p>Al\u00e9m da op\u00e7\u00e3o de criar ingresso simples, ingresso em lote ou gr\u00e1tis, voc\u00ea tamb\u00e9m pode criar campanhas de doa\u00e7\u00f5es.<\/p>\t\t\t\t\t\t<\/div>\n\t\t\t\t<\/div>\n\t\t\t\t<div class=\"elementor-element elementor-element-681dedda elementor-mobile-align-justify elementor-align-left elementor-widget elementor-widget-button\" data-id=\"681dedda\" data-element_type=\"widget\" data-widget_type=\"button.default\">\n\t\t\t\t<div class=\"elementor-widget-container\">\n\t\t\t\t\t<div class=\"elementor-button-wrapper\">\n\t\t\t<a class=\"elementor-button elementor-button-link elementor-size-sm\" href=\"https:\/\/lets.events\/l\/organize\/falar-consultor\/\" id=\"falar-com-consultor-sistema-de-doacao\">\n\t\t\t\t\t\t<span class=\"elementor-button-content-wrapper\">\n\t\t\t\t\t\t\t\t\t<span class=\"elementor-button-text\">Falar com consultor<\/span>\n\t\t\t\t\t<\/span>\n\t\t\t\t\t<\/a>\n\t\t<\/div>\n\t\t\t\t<\/div>\n\t\t\t\t<\/div>\n\t\t\t\t\t<\/div>\n\t\t<\/div>\n\t\t\t\t<div class=\"elementor-column elementor-col-50 elementor-top-column elementor-element elementor-element-33de6eb7\" data-id=\"33de6eb7\" data-element_type=\"column\">\n\t\t\t<div class=\"elementor-widget-wrap elementor-element-populated\">\n\t\t\t\t\t\t<div class=\"elementor-element elementor-element-211cea56 elementor-widget elementor-widget-image\" data-id=\"211cea56\" data-element_type=\"widget\" data-widget_type=\"image.default\">\n\t\t\t\t<div class=\"elementor-widget-container\">\n\t\t\t\t\t\t\t\t\t\t\t\t\t<img loading=\"lazy\" decoding=\"async\" width=\"508\" height=\"519\" src=\"https:\/\/lets.events\/l\/wp-content\/uploads\/2022\/11\/Group-156.png\" class=\"attachment-large size-large wp-image-21320\" alt=\"\" srcset=\"https:\/\/lets.events\/l\/wp-content\/uploads\/2022\/11\/Group-156.png 508w, https:\/\/lets.events\/l\/wp-content\/uploads\/2022\/11\/Group-156-294x300.png 294w\" sizes=\"(max-width: 508px) 100vw, 508px\" \/>\t\t\t\t\t\t\t\t\t\t\t\t\t<\/div>\n\t\t\t\t<\/div>\n\t\t\t\t\t<\/div>\n\t\t<\/div>\n\t\t\t\t\t<\/div>\n\t\t<\/section>\n\t\t\t\t<section class=\"elementor-section elementor-top-section elementor-element elementor-element-6c16b337 elementor-section-height-min-height elementor-section-content-middle elementor-section-boxed elementor-section-height-default elementor-section-items-middle\" data-id=\"6c16b337\" data-element_type=\"section\" data-settings=\"{&quot;background_background&quot;:&quot;classic&quot;}\">\n\t\t\t\t\t\t\t<div class=\"elementor-background-overlay\"><\/div>\n\t\t\t\t\t\t\t<div class=\"elementor-container elementor-column-gap-default\">\n\t\t\t\t\t<div class=\"elementor-column elementor-col-100 elementor-top-column elementor-element elementor-element-2851e2bf\" data-id=\"2851e2bf\" data-element_type=\"column\">\n\t\t\t<div class=\"elementor-widget-wrap elementor-element-populated\">\n\t\t\t\t\t\t<div class=\"elementor-element elementor-element-63353d78 elementor-widget elementor-widget-heading\" data-id=\"63353d78\" data-element_type=\"widget\" data-widget_type=\"heading.default\">\n\t\t\t\t<div class=\"elementor-widget-container\">\n\t\t\t<h2 class=\"elementor-heading-title elementor-size-default\">O Lets tem as melhores<br> ferramentas para seu evento<\/h2>\t\t<\/div>\n\t\t\t\t<\/div>\n\t\t\t\t<section class=\"elementor-section elementor-inner-section elementor-element elementor-element-72cba64d elementor-section-boxed elementor-section-height-default elementor-section-height-default\" data-id=\"72cba64d\" data-element_type=\"section\">\n\t\t\t\t\t\t<div class=\"elementor-container elementor-column-gap-default\">\n\t\t\t\t\t<div class=\"elementor-column elementor-col-50 elementor-inner-column elementor-element elementor-element-fd6070b\" data-id=\"fd6070b\" data-element_type=\"column\">\n\t\t\t<div class=\"elementor-widget-wrap elementor-element-populated\">\n\t\t\t\t\t\t<div class=\"elementor-element elementor-element-31a89afe elementor-mobile-align-justify elementor-align-right elementor-widget elementor-widget-button\" data-id=\"31a89afe\" data-element_type=\"widget\" data-widget_type=\"button.default\">\n\t\t\t\t<div class=\"elementor-widget-container\">\n\t\t\t\t\t<div class=\"elementor-button-wrapper\">\n\t\t\t<a class=\"elementor-button elementor-button-link elementor-size-sm\" href=\"https:\/\/lets.events\/?new_event=true\" target=\"_blank\" id=\"criar-evento-sistema-de-doacao\">\n\t\t\t\t\t\t<span class=\"elementor-button-content-wrapper\">\n\t\t\t\t\t\t\t\t\t<span class=\"elementor-button-text\">Criar evento<\/span>\n\t\t\t\t\t<\/span>\n\t\t\t\t\t<\/a>\n\t\t<\/div>\n\t\t\t\t<\/div>\n\t\t\t\t<\/div>\n\t\t\t\t\t<\/div>\n\t\t<\/div>\n\t\t\t\t<div class=\"elementor-column elementor-col-50 elementor-inner-column elementor-element elementor-element-2beeb4ae\" data-id=\"2beeb4ae\" data-element_type=\"column\">\n\t\t\t<div class=\"elementor-widget-wrap elementor-element-populated\">\n\t\t\t\t\t\t<div class=\"elementor-element elementor-element-472ecb32 elementor-mobile-align-justify elementor-align-left elementor-widget elementor-widget-button\" data-id=\"472ecb32\" data-element_type=\"widget\" data-widget_type=\"button.default\">\n\t\t\t\t<div class=\"elementor-widget-container\">\n\t\t\t\t\t<div class=\"elementor-button-wrapper\">\n\t\t\t<a class=\"elementor-button elementor-button-link elementor-size-sm\" href=\"#\" id=\"agendar-apresentacao-sistema-de-doacao\">\n\t\t\t\t\t\t<span class=\"elementor-button-content-wrapper\">\n\t\t\t\t\t\t\t\t\t<span class=\"elementor-button-text\">Agendar uma apresenta\u00e7\u00e3o<\/span>\n\t\t\t\t\t<\/span>\n\t\t\t\t\t<\/a>\n\t\t<\/div>\n\t\t\t\t<\/div>\n\t\t\t\t<\/div>\n\t\t\t\t\t<\/div>\n\t\t<\/div>\n\t\t\t\t\t<\/div>\n\t\t<\/section>\n\t\t\t\t\t<\/div>\n\t\t<\/div>\n\t\t\t\t\t<\/div>\n\t\t<\/section>\n\t\t\t\t<\/div>\n\t\t","protected":false},"excerpt":{"rendered":"<p>Sistema de Doa\u00e7\u00e3o Crie Campanhas de Doa\u00e7\u00e3o e Vaquinhas online de forma muito simples e r\u00e1pida. Receba contribui\u00e7\u00f5es facilmente Crie campanhas de doa\u00e7\u00e3o, compartilhe um link para receber as contribui\u00e7\u00f5es e pronto! Tenha o controle das contribui\u00e7\u00f5es Acompanhe os valores das contribui\u00e7\u00f5es e veja todos que contribuiram em tempo real Impulsione as suas contribui\u00e7\u00f5es Utilize [&hellip;]<\/p>\n","protected":false},"author":5,"featured_media":0,"parent":0,"menu_order":0,"comment_status":"closed","ping_status":"closed","template":"elementor_header_footer","meta":{"footnotes":""},"folder":[61],"yoast_head":"<!-- This site is optimized with the Yoast SEO plugin v22.6 - https:\/\/yoast.com\/wordpress\/plugins\/seo\/ -->\n<title>Sistema de doa\u00e7\u00e3o - Lets.events<\/title>\n<meta name=\"description\" content=\"Crie campanhas e caquinhas de uma forma muito simples com o novo sistema de doa\u00e7\u00e3o do Lets.events. \u00c9 simples, r\u00e1pido e 100% confi\u00e1vel.\" \/>\n<meta name=\"robots\" content=\"index, follow, max-snippet:-1, max-image-preview:large, max-video-preview:-1\" \/>\n<link rel=\"canonical\" href=\"https:\/\/lets.events\/l\/recursos\/doacao\/\" \/>\n<meta property=\"og:locale\" content=\"pt_BR\" \/>\n<meta property=\"og:type\" content=\"article\" \/>\n<meta property=\"og:title\" content=\"Sistema de doa\u00e7\u00e3o - Lets.events\" \/>\n<meta property=\"og:description\" content=\"Crie campanhas e caquinhas de uma forma muito simples com o novo sistema de doa\u00e7\u00e3o do Lets.events. \u00c9 simples, r\u00e1pido e 100% confi\u00e1vel.\" \/>\n<meta property=\"og:url\" content=\"https:\/\/lets.events\/l\/recursos\/doacao\/\" \/>\n<meta property=\"og:site_name\" content=\"Lets.events\" \/>\n<meta property=\"article:publisher\" content=\"https:\/\/www.facebook.com\/letsevents0\" \/>\n<meta property=\"article:modified_time\" content=\"2023-02-07T22:41:35+00:00\" \/>\n<meta property=\"og:image\" content=\"https:\/\/lets.events\/l\/wp-content\/uploads\/2022\/11\/Vector.png\" \/>\n<meta name=\"twitter:card\" content=\"summary_large_image\" \/>\n<meta name=\"twitter:site\" content=\"@letsevents0\" \/>\n<meta name=\"twitter:label1\" content=\"Est. tempo de leitura\" \/>\n\t<meta name=\"twitter:data1\" content=\"2 minutos\" \/>\n<script type=\"application\/ld+json\" class=\"yoast-schema-graph\">{\"@context\":\"https:\/\/schema.org\",\"@graph\":[{\"@type\":\"WebPage\",\"@id\":\"https:\/\/lets.events\/l\/recursos\/doacao\/\",\"url\":\"https:\/\/lets.events\/l\/recursos\/doacao\/\",\"name\":\"Sistema de doa\u00e7\u00e3o - Lets.events\",\"isPartOf\":{\"@id\":\"https:\/\/lets.events\/l\/#website\"},\"primaryImageOfPage\":{\"@id\":\"https:\/\/lets.events\/l\/recursos\/doacao\/#primaryimage\"},\"image\":{\"@id\":\"https:\/\/lets.events\/l\/recursos\/doacao\/#primaryimage\"},\"thumbnailUrl\":\"https:\/\/lets.events\/l\/wp-content\/uploads\/2022\/11\/Vector.png\",\"datePublished\":\"2020-05-22T18:09:05+00:00\",\"dateModified\":\"2023-02-07T22:41:35+00:00\",\"description\":\"Crie campanhas e caquinhas de uma forma muito simples com o novo sistema de doa\u00e7\u00e3o do Lets.events. \u00c9 simples, r\u00e1pido e 100% confi\u00e1vel.\",\"breadcrumb\":{\"@id\":\"https:\/\/lets.events\/l\/recursos\/doacao\/#breadcrumb\"},\"inLanguage\":\"pt-BR\",\"potentialAction\":[{\"@type\":\"ReadAction\",\"target\":[\"https:\/\/lets.events\/l\/recursos\/doacao\/\"]}]},{\"@type\":\"ImageObject\",\"inLanguage\":\"pt-BR\",\"@id\":\"https:\/\/lets.events\/l\/recursos\/doacao\/#primaryimage\",\"url\":\"https:\/\/lets.events\/l\/wp-content\/uploads\/2022\/11\/Vector.png\",\"contentUrl\":\"https:\/\/lets.events\/l\/wp-content\/uploads\/2022\/11\/Vector.png\",\"width\":17,\"height\":19},{\"@type\":\"BreadcrumbList\",\"@id\":\"https:\/\/lets.events\/l\/recursos\/doacao\/#breadcrumb\",\"itemListElement\":[{\"@type\":\"ListItem\",\"position\":1,\"name\":\"In\u00edcio\",\"item\":\"https:\/\/lets.events\/l\/\"},{\"@type\":\"ListItem\",\"position\":2,\"name\":\"Sistema de Doa\u00e7\u00e3o\"}]},{\"@type\":\"WebSite\",\"@id\":\"https:\/\/lets.events\/l\/#website\",\"url\":\"https:\/\/lets.events\/l\/\",\"name\":\"Lets.events\",\"description\":\"A plataforma mais eficiente pra venda de ingressos online e listas de convidados pro seu evento. Sem filas, com check-in em 1 clique! Let&#039;s go!\",\"publisher\":{\"@id\":\"https:\/\/lets.events\/l\/#organization\"},\"potentialAction\":[{\"@type\":\"SearchAction\",\"target\":{\"@type\":\"EntryPoint\",\"urlTemplate\":\"https:\/\/lets.events\/l\/?s={search_term_string}\"},\"query-input\":\"required name=search_term_string\"}],\"inLanguage\":\"pt-BR\"},{\"@type\":\"Organization\",\"@id\":\"https:\/\/lets.events\/l\/#organization\",\"name\":\"Lets.events\",\"url\":\"https:\/\/lets.events\/l\/\",\"logo\":{\"@type\":\"ImageObject\",\"inLanguage\":\"pt-BR\",\"@id\":\"https:\/\/lets.events\/l\/#\/schema\/logo\/image\/\",\"url\":\"https:\/\/lets.events\/l\/wp-content\/uploads\/2022\/11\/lets-logo.da449af2-4.png\",\"contentUrl\":\"https:\/\/lets.events\/l\/wp-content\/uploads\/2022\/11\/lets-logo.da449af2-4.png\",\"width\":\"147\",\"height\":\"42\",\"caption\":\"Lets.events\"},\"image\":{\"@id\":\"https:\/\/lets.events\/l\/#\/schema\/logo\/image\/\"},\"sameAs\":[\"https:\/\/www.facebook.com\/letsevents0\",\"https:\/\/x.com\/letsevents0\",\"https:\/\/www.instagram.com\/lets.events\/\",\"https:\/\/www.linkedin.com\/company\/22344358\/admin\/\"]}]}<\/script>\n<!-- \/ Yoast SEO plugin. -->","yoast_head_json":{"title":"Sistema de doa\u00e7\u00e3o - Lets.events","description":"Crie campanhas e caquinhas de uma forma muito simples com o novo sistema de doa\u00e7\u00e3o do Lets.events. \u00c9 simples, r\u00e1pido e 100% confi\u00e1vel.","robots":{"index":"index","follow":"follow","max-snippet":"max-snippet:-1","max-image-preview":"max-image-preview:large","max-video-preview":"max-video-preview:-1"},"canonical":"https:\/\/lets.events\/l\/recursos\/doacao\/","og_locale":"pt_BR","og_type":"article","og_title":"Sistema de doa\u00e7\u00e3o - Lets.events","og_description":"Crie campanhas e caquinhas de uma forma muito simples com o novo sistema de doa\u00e7\u00e3o do Lets.events. \u00c9 simples, r\u00e1pido e 100% confi\u00e1vel.","og_url":"https:\/\/lets.events\/l\/recursos\/doacao\/","og_site_name":"Lets.events","article_publisher":"https:\/\/www.facebook.com\/letsevents0","article_modified_time":"2023-02-07T22:41:35+00:00","og_image":[{"url":"https:\/\/lets.events\/l\/wp-content\/uploads\/2022\/11\/Vector.png"}],"twitter_card":"summary_large_image","twitter_site":"@letsevents0","twitter_misc":{"Est. tempo de leitura":"2 minutos"},"schema":{"@context":"https:\/\/schema.org","@graph":[{"@type":"WebPage","@id":"https:\/\/lets.events\/l\/recursos\/doacao\/","url":"https:\/\/lets.events\/l\/recursos\/doacao\/","name":"Sistema de doa\u00e7\u00e3o - Lets.events","isPartOf":{"@id":"https:\/\/lets.events\/l\/#website"},"primaryImageOfPage":{"@id":"https:\/\/lets.events\/l\/recursos\/doacao\/#primaryimage"},"image":{"@id":"https:\/\/lets.events\/l\/recursos\/doacao\/#primaryimage"},"thumbnailUrl":"https:\/\/lets.events\/l\/wp-content\/uploads\/2022\/11\/Vector.png","datePublished":"2020-05-22T18:09:05+00:00","dateModified":"2023-02-07T22:41:35+00:00","description":"Crie campanhas e caquinhas de uma forma muito simples com o novo sistema de doa\u00e7\u00e3o do Lets.events. \u00c9 simples, r\u00e1pido e 100% confi\u00e1vel.","breadcrumb":{"@id":"https:\/\/lets.events\/l\/recursos\/doacao\/#breadcrumb"},"inLanguage":"pt-BR","potentialAction":[{"@type":"ReadAction","target":["https:\/\/lets.events\/l\/recursos\/doacao\/"]}]},{"@type":"ImageObject","inLanguage":"pt-BR","@id":"https:\/\/lets.events\/l\/recursos\/doacao\/#primaryimage","url":"https:\/\/lets.events\/l\/wp-content\/uploads\/2022\/11\/Vector.png","contentUrl":"https:\/\/lets.events\/l\/wp-content\/uploads\/2022\/11\/Vector.png","width":17,"height":19},{"@type":"BreadcrumbList","@id":"https:\/\/lets.events\/l\/recursos\/doacao\/#breadcrumb","itemListElement":[{"@type":"ListItem","position":1,"name":"In\u00edcio","item":"https:\/\/lets.events\/l\/"},{"@type":"ListItem","position":2,"name":"Sistema de Doa\u00e7\u00e3o"}]},{"@type":"WebSite","@id":"https:\/\/lets.events\/l\/#website","url":"https:\/\/lets.events\/l\/","name":"Lets.events","description":"A plataforma mais eficiente pra venda de ingressos online e listas de convidados pro seu evento. Sem filas, com check-in em 1 clique! Let&#039;s go!","publisher":{"@id":"https:\/\/lets.events\/l\/#organization"},"potentialAction":[{"@type":"SearchAction","target":{"@type":"EntryPoint","urlTemplate":"https:\/\/lets.events\/l\/?s={search_term_string}"},"query-input":"required name=search_term_string"}],"inLanguage":"pt-BR"},{"@type":"Organization","@id":"https:\/\/lets.events\/l\/#organization","name":"Lets.events","url":"https:\/\/lets.events\/l\/","logo":{"@type":"ImageObject","inLanguage":"pt-BR","@id":"https:\/\/lets.events\/l\/#\/schema\/logo\/image\/","url":"https:\/\/lets.events\/l\/wp-content\/uploads\/2022\/11\/lets-logo.da449af2-4.png","contentUrl":"https:\/\/lets.events\/l\/wp-content\/uploads\/2022\/11\/lets-logo.da449af2-4.png","width":"147","height":"42","caption":"Lets.events"},"image":{"@id":"https:\/\/lets.events\/l\/#\/schema\/logo\/image\/"},"sameAs":["https:\/\/www.facebook.com\/letsevents0","https:\/\/x.com\/letsevents0","https:\/\/www.instagram.com\/lets.events\/","https:\/\/www.linkedin.com\/company\/22344358\/admin\/"]}]}},"_links":{"self":[{"href":"https:\/\/lets.events\/l\/wp-json\/wp\/v2\/pages\/7509"}],"collection":[{"href":"https:\/\/lets.events\/l\/wp-json\/wp\/v2\/pages"}],"about":[{"href":"https:\/\/lets.events\/l\/wp-json\/wp\/v2\/types\/page"}],"author":[{"embeddable":true,"href":"https:\/\/lets.events\/l\/wp-json\/wp\/v2\/users\/5"}],"replies":[{"embeddable":true,"href":"https:\/\/lets.events\/l\/wp-json\/wp\/v2\/comments?post=7509"}],"version-history":[{"count":0,"href":"https:\/\/lets.events\/l\/wp-json\/wp\/v2\/pages\/7509\/revisions"}],"wp:attachment":[{"href":"https:\/\/lets.events\/l\/wp-json\/wp\/v2\/media?parent=7509"}],"wp:term":[{"taxonomy":"folder","embeddable":true,"href":"https:\/\/lets.events\/l\/wp-json\/wp\/v2\/folder?post=7509"}],"curies":[{"name":"wp","href":"https:\/\/api.w.org\/{rel}","templated":true}]}}